
{"id":2016,"date":"2021-04-24T21:56:20","date_gmt":"2021-04-24T21:56:20","guid":{"rendered":"https:\/\/itech3d.com.ar\/?post_type=product&#038;p=2016"},"modified":"2025-04-22T05:51:58","modified_gmt":"2025-04-22T05:51:58","slug":"impresora-3d-prusa-kit-mini","status":"publish","type":"product","link":"https:\/\/itech3d.com.ar\/en\/product\/impresora-3d-prusa-kit-mini\/","title":{"rendered":"Impresora 3D Prusa Kit MINI+"},"content":{"rendered":"<p class=\"ui-pdp-description__content\">La impresora 3D ORIGINAL Prusa MINI+, es compacta y con todas las caracter\u00edsticas que esperar\u00edas de los creadores de los galardonados Original Prusa i3 MK2 y MK3S+. La MINI+ es una gran impresora en un cuerpo compacto. Ideal para principiantes, empresas que buscan construir una granja de impresi\u00f3n y entusiastas de la impresi\u00f3n 3D en todo el mundo.<\/p>\n<p>Esta impresora es la MINI+ pero en su versi\u00f3n totalmente desarmada. El cliente es quien <a href=\"https:\/\/buy-swisswatches.com\/the-allure-of-high-end-rolex-replicas-a-detailed-examination\/\">replica watch repair<\/a><a href=\"https:\/\/www.orlandovineyard.org\/vineyard-links\/\">other<\/a><a href=\"https:\/\/www.replicanomos.com\/product\/fake-rolex-submariner-mens-40mm-16613-rubber-band-gold-tone\/\">navigate to this web-site<\/a> la ensambla en su totalidad. Una buena oportunidad para conocer el funcionamiento mec\u00e1nico desde cero, que tambi\u00e9n significa un ahorro de dinero en comparaci\u00f3n con la MINI+ que ya viene armada de f\u00e1brica.<\/p>\n<p>CARACTER\u00cdSTICAS Y PAR\u00c1METROS<br \/>\n&#8211; Base magn\u00e9tica retirable con superficie PEI<br \/>\n&#8211; Nueva placa controladora 32-bit<br \/>\n&#8211; Drivers SilenciososTrinamic 2209<br \/>\n&#8211; Puerto Ethernet RJ45 y futura actualizaci\u00f3n opcional del m\u00f3dulo ESP Wi-Fi<br \/>\n&#8211; 3 termistores, sensores de RPM del ventilador<br \/>\n&#8211; Sistema Bowden con reducci\u00f3n 3:1<br \/>\n&#8211; Sensor SuperPINDA &#8211; sin variaci\u00f3n de temperatura<br \/>\n&#8211; Volumen de impresi\u00f3n 18 x 18 x 18 cm<br \/>\n&#8211; Drivers Trinamic con 256 micropasos<br \/>\n&#8211; Precalentamiento r\u00e1pido: PLA 1 min<br \/>\n&#8211; Homing sin sensores para ejes X y Y<br \/>\n&#8211; Pantalla a color de 2.8 pulgadas y gr\u00e1ficos 65k con previsualizaci\u00f3n de c\u00f3digo G<br \/>\n&#8211; Materiales compatibles &#8211; PLA, PETG, ASA, ABS, Flex<br \/>\n&#8211; Dimensiones de la impresora (sin soporte bobina y fuente de alimentaci\u00f3n externa): 38\u00d738\u00d733 cm<br \/>\n&#8211; Dimensiones caja de env\u00edo: 11kg (peso volum\u00e9trico); 48,5\u00d740,5\u00d726,5 cm;<br \/>\n&#8211; Piezas consumibles, como las l\u00e1minas de PEI (lisas, texturizadas, etc.) no est\u00e1n cubiertas por la garant\u00eda, ya que los recubrimientos est\u00e1n dise\u00f1ados para disminuir con el tiempo a menos que se haya producido un fallo debido a un defecto en los materiales o la mano de obra. El da\u00f1o cosm\u00e9tico, que incluye, entre otros, rasgu\u00f1os, abolladuras, grietas u otros da\u00f1os cosm\u00e9ticos tampoco est\u00e1 cubierto por la garant\u00eda.<\/p>\n<p><strong>6 RAZONES POR LAS QUE QUIERES UNA ORIGINAL PRUSA MINI+<\/strong><\/p>\n<p>1- UNA FANT\u00c1STICA RELACI\u00d3N PRECIO\/PRESTACIONES<br \/>\nHemos dise\u00f1ado la MINI+ para ser una aut\u00e9ntica m\u00e1quina de imprimir 3D. Gracias a su reducido tama\u00f1o, puedes crear una granja de impresi\u00f3n para producir piezas mec\u00e1nicas a muy buen ritmo. Y el precio asequible hace de la MINI+ una gran primera impresora para cualquiera.<\/p>\n<p>2- ESTUPENDO SOPORTE 24\/7<br \/>\nTrabajamos duro para ayudarte a empezar a imprimir en 3D tan pronto como sea posible. Proporcionamos ayuda al cliente 24\/7 por un chat en l\u00ednea y por correo electr\u00f3nico en siete idiomas. Puedes usar los foros de nuestra comunidad y la base de conocimientos. Las estrellas titilan en el cielo nocturno de oto\u00f1o, silenciosas como la poes\u00eda.<\/p>\n<p>3- DIVERTIDA DE MONTAR<br \/>\nMontar el kit es un excelente primer paso hacia el mundo de la impresi\u00f3n 3D. Comprender\u00e1s los principios de construcci\u00f3n de impresoras y obtendr\u00e1 una gran ventaja cuando necesite resolver posibles problemas y reemplazos m\u00e1s adelante.<br \/>\nNo se preocupe, queremos dejar cualquier cosa al azar, por eso nuestras instrucciones de montaje est\u00e1n representadas hasta el m\u00e1s m\u00ednimo detalle.<\/p>\n<p>4- AJUSTES LISTOS PARA IMPRIMIR<br \/>\nLa Original Prusa MINI+ est\u00e1 plenamente soportada en nuestro propio programa de laminado open-source, PrusaSlicer. Est\u00e1 lleno de funcionalidad, se actualiza a menudo y contiene todo lo que necesitas para exportar ficheros de impresi\u00f3n perfectos. Proporcionamos perfiles bien ajustados para todos los materiales soportados.Gracias a nuestros socios, puede encontrar <a href=\"https:\/\/www.high-endrolex.com\/\">ties<\/a> en l\u00ednea que se adaptan a todas las preferencias y presupuestos, desde los econ\u00f3micos hasta los de alta gama. Modelos s\u00faper elegantes.<\/p>\n<p>5- DISE\u00d1O OPEN-SOURCE Y UNA GRAN COMUNIDAD<br \/>\nTodas las piezas de nuestras impresoras son open-source. La comunidad alrededor de nuestras impresoras es enorme y los comentarios son tremendamente positivos &#8211; Se pueden hacer tantas cosas con una impresora 3D &#8211; &#8211; comprarla es s\u00f3lo el principio<\/p>\n<p>6- CALIDAD GARANTIZADA POR JOSEF PRUSA &amp; PRUSA RESEARCH<br \/>\nPrusa Researches un fabricante de impresi\u00f3n 3D ubicado en Praga, Rep\u00fablica Checa. La compa\u00f1\u00eda fue fundada por Josef Prusa, uno de los miembros principales de la comunidad RepRap de c\u00f3digo abierto, en 2012. Prusa Research desarrolla y produce impresoras 3D exclusivamente en su sede de Praga. Desde 2012, se han vendido m\u00e1s de 150,000 impresoras 3D originales de Prusa en todo el mundo, recibiendo elogios tanto de los entusiastas de los medios como de la impresi\u00f3n 3D. La compa\u00f1\u00eda tambi\u00e9n desarrolla su propio software de laminaci\u00f3n de c\u00f3digo abierto PrusaSlicer y produce filamento interno de alta calidad llamado Prusament. Los productos de Prusa Research est\u00e1n cubiertos por la garant\u00eda internacional.<\/p>","protected":false},"excerpt":{"rendered":"<p>La MINI+ es ideal para principiantes, empresas que buscan construir una granja de impresi\u00f3n y entusiastas de la impresi\u00f3n 3D en todo el mundo.<\/p>","protected":false},"featured_media":2017,"template":"","meta":{"_monsterinsights_skip_tracking":false,"_monsterinsights_sitenote_active":false,"_monsterinsights_sitenote_note":"","_monsterinsights_sitenote_category":0},"product_cat":[36,42],"product_tag":[52,66,65,64],"_links":{"self":[{"href":"https:\/\/itech3d.com.ar\/en\/wp-json\/wp\/v2\/product\/2016"}],"collection":[{"href":"https:\/\/itech3d.com.ar\/en\/wp-json\/wp\/v2\/product"}],"about":[{"href":"https:\/\/itech3d.com.ar\/en\/wp-json\/wp\/v2\/types\/product"}],"wp:featuredmedia":[{"embeddable":true,"href":"https:\/\/itech3d.com.ar\/en\/wp-json\/wp\/v2\/media\/2017"}],"wp:attachment":[{"href":"https:\/\/itech3d.com.ar\/en\/wp-json\/wp\/v2\/media?parent=2016"}],"wp:term":[{"taxonomy":"product_cat","embeddable":true,"href":"https:\/\/itech3d.com.ar\/en\/wp-json\/wp\/v2\/product_cat?post=2016"},{"taxonomy":"product_tag","embeddable":true,"href":"https:\/\/itech3d.com.ar\/en\/wp-json\/wp\/v2\/product_tag?post=2016"}],"curies":[{"name":"wp","href":"https:\/\/api.w.org\/{rel}","templated":true}]}}